{"id":979,"date":"2022-02-09T12:45:34","date_gmt":"2022-02-09T11:45:34","guid":{"rendered":"http:\/\/bepla.fr\/?page_id=979"},"modified":"2022-02-09T13:34:20","modified_gmt":"2022-02-09T12:34:20","slug":"self-defense","status":"publish","type":"page","link":"http:\/\/bepla.fr\/index.php\/self-defense\/","title":{"rendered":"Self-d\u00e9fense"},"content":{"rendered":"\n<div class=\"wp-block-columns is-layout-flex wp-container-core-columns-is-layout-1 wp-block-columns-is-layout-flex\">\n<div class=\"wp-block-column is-layout-flow wp-block-column-is-layout-flow\" style=\"flex-basis:66.66%\">\n<h2 class=\"wp-block-heading\"> Pour qui ? <\/h2>\n\n\n\n<p> Pour les adultes \u00e0 partir de 16 ans.<\/p>\n\n\n\n<h2 class=\"wp-block-heading\"> Le contenu ? <\/h2>\n\n\n\n<p>La Self-D\u00e9fense est bas\u00e9e sur des techniques simples de percussion. On utilise les diff\u00e9rentes parties du corps comme des armes naturelles (doigts, mains ouvertes et ferm\u00e9es, avant-bras, pieds, tibias, coudes, genoux, t\u00eate, \u00e9paules, etc.). L&rsquo;objectif \u00e9tant de bloquer les attaques adverses et de pouvoir se d\u00e9fendre de toute situation d\u2019agression (saisies diverses, \u00e9tranglements, bousculades, attaques ou menaces au couteau, coups de pieds\u2026).<\/p>\n\n\n\n<p>Nous pratiquons cette discipline en tee-shirt afin de nous rapprocher des conditions r\u00e9elles de mises en situations.<\/p>\n\n\n\n<p>La Self-D\u00e9fense que nous enseignons est issue de diff\u00e9rents arts-martiaux que nous avons pu pratiquer lors de nos parcours respectifs. Il y a tout de m\u00eame une forte pr\u00e9sence des disciplines de Karat\u00e9 D\u00e9fense et du Ta\u00ef-Jitsu. Le Karat\u00e9 Jutsu ou Karat\u00e9 D\u00e9fense a comme sp\u00e9cificit\u00e9 de travailler les cl\u00e9s et les projections en compl\u00e9ment du travail d\u2019at\u00e9mis (travail de percussion) afin de trouver une r\u00e9ponse adapt\u00e9e et efficace face aux attaques et agressions. La base de cette discipline reste martiale et le travail des esquives, d\u00e9placements est omnipr\u00e9sent, afin de se pr\u00e9server avant tout et d\u2019\u00eatre capable de mieux r\u00e9agir face \u00e0 une situation \u00e0 risque.<\/p>\n<\/div>\n\n\n\n<div class=\"wp-block-column is-layout-flow wp-block-column-is-layout-flow\" style=\"flex-basis:33.33%\">\n<div class=\"wp-block-image\"><figure class=\"aligncenter size-full is-resized\"><img decoding=\"async\" src=\"http:\/\/bepla.fr\/wp-content\/uploads\/2022\/02\/D8E8393_DxO-1024x684-1-edited.jpg\" alt=\"\" class=\"wp-image-982\" width=\"269\" srcset=\"http:\/\/bepla.fr\/wp-content\/uploads\/2022\/02\/D8E8393_DxO-1024x684-1-edited.jpg 515w, http:\/\/bepla.fr\/wp-content\/uploads\/2022\/02\/D8E8393_DxO-1024x684-1-edited-226x300.jpg 226w, http:\/\/bepla.fr\/wp-content\/uploads\/2022\/02\/D8E8393_DxO-1024x684-1-edited-87x116.jpg 87w\" sizes=\"(max-width: 515px) 100vw, 515px\" \/><\/figure><\/div>\n<\/div>\n<\/div>\n","protected":false},"excerpt":{"rendered":"<p>Pour qui ? Pour les adultes \u00e0 partir de 16 ans. Le contenu ? La Self-D\u00e9fense est bas\u00e9e sur des techniques simples de percussion. On utilise les diff\u00e9rentes parties du corps comme des armes naturelles (doigts, mains ouvertes et ferm\u00e9es, avant-bras, pieds, tibias, coudes, genoux, t\u00eate, \u00e9paules, etc.). L&rsquo;objectif \u00e9tant de bloquer les attaques adverses<\/p>\n<div><a class=\"btn-filled btn\" href=\"http:\/\/bepla.fr\/index.php\/self-defense\/\" title=\"Self-d\u00e9fense\">Lire la suite<\/a><\/div>\n","protected":false},"author":1,"featured_media":0,"parent":0,"menu_order":0,"comment_status":"closed","ping_status":"closed","template":"","meta":{"_monsterinsights_skip_tracking":false,"_monsterinsights_sitenote_active":false,"_monsterinsights_sitenote_note":"","_monsterinsights_sitenote_category":0,"footnotes":""},"class_list":["post-979","page","type-page","status-publish","hentry"],"yoast_head":"<!-- This site is optimized with the Yoast SEO plugin v23.1 - https:\/\/yoast.com\/wordpress\/plugins\/seo\/ -->\n<title>Self-d\u00e9fense - BEPLA<\/title>\n<meta name=\"robots\" content=\"index, follow, max-snippet:-1, max-image-preview:large, max-video-preview:-1\" \/>\n<link rel=\"canonical\" href=\"https:\/\/bepla.fr\/index.php\/self-defense\/\" \/>\n<meta property=\"og:locale\" content=\"fr_FR\" \/>\n<meta property=\"og:type\" content=\"article\" \/>\n<meta property=\"og:title\" content=\"Self-d\u00e9fense - BEPLA\" \/>\n<meta property=\"og:description\" content=\"Pour qui ? Pour les adultes \u00e0 partir de 16 ans. Le contenu ? La Self-D\u00e9fense est bas\u00e9e sur des techniques simples de percussion. On utilise les diff\u00e9rentes parties du corps comme des armes naturelles (doigts, mains ouvertes et ferm\u00e9es, avant-bras, pieds, tibias, coudes, genoux, t\u00eate, \u00e9paules, etc.). L&rsquo;objectif \u00e9tant de bloquer les attaques adversesLire la suite\" \/>\n<meta property=\"og:url\" content=\"https:\/\/bepla.fr\/index.php\/self-defense\/\" \/>\n<meta property=\"og:site_name\" content=\"BEPLA\" \/>\n<meta property=\"article:modified_time\" content=\"2022-02-09T12:34:20+00:00\" \/>\n<meta property=\"og:image\" content=\"http:\/\/bepla.fr\/wp-content\/uploads\/2022\/02\/D8E8393_DxO-1024x684-1-edited.jpg\" \/>\n<meta name=\"twitter:card\" content=\"summary_large_image\" \/>\n<meta name=\"twitter:label1\" content=\"Dur\u00e9e de lecture estim\u00e9e\" \/>\n\t<meta name=\"twitter:data1\" content=\"2 minutes\" \/>\n<script type=\"application\/ld+json\" class=\"yoast-schema-graph\">{\"@context\":\"https:\/\/schema.org\",\"@graph\":[{\"@type\":\"WebPage\",\"@id\":\"https:\/\/bepla.fr\/index.php\/self-defense\/\",\"url\":\"https:\/\/bepla.fr\/index.php\/self-defense\/\",\"name\":\"Self-d\u00e9fense - BEPLA\",\"isPartOf\":{\"@id\":\"http:\/\/bepla.fr\/#website\"},\"primaryImageOfPage\":{\"@id\":\"https:\/\/bepla.fr\/index.php\/self-defense\/#primaryimage\"},\"image\":{\"@id\":\"https:\/\/bepla.fr\/index.php\/self-defense\/#primaryimage\"},\"thumbnailUrl\":\"http:\/\/bepla.fr\/wp-content\/uploads\/2022\/02\/D8E8393_DxO-1024x684-1-edited.jpg\",\"datePublished\":\"2022-02-09T11:45:34+00:00\",\"dateModified\":\"2022-02-09T12:34:20+00:00\",\"inLanguage\":\"fr-FR\",\"potentialAction\":[{\"@type\":\"ReadAction\",\"target\":[\"https:\/\/bepla.fr\/index.php\/self-defense\/\"]}]},{\"@type\":\"ImageObject\",\"inLanguage\":\"fr-FR\",\"@id\":\"https:\/\/bepla.fr\/index.php\/self-defense\/#primaryimage\",\"url\":\"http:\/\/bepla.fr\/wp-content\/uploads\/2022\/02\/D8E8393_DxO-1024x684-1-edited.jpg\",\"contentUrl\":\"http:\/\/bepla.fr\/wp-content\/uploads\/2022\/02\/D8E8393_DxO-1024x684-1-edited.jpg\",\"width\":515,\"height\":684},{\"@type\":\"WebSite\",\"@id\":\"http:\/\/bepla.fr\/#website\",\"url\":\"http:\/\/bepla.fr\/\",\"name\":\"BEPLA\",\"description\":\"Site de pr\u00e9sentation de bepla\",\"publisher\":{\"@id\":\"http:\/\/bepla.fr\/#organization\"},\"potentialAction\":[{\"@type\":\"SearchAction\",\"target\":{\"@type\":\"EntryPoint\",\"urlTemplate\":\"http:\/\/bepla.fr\/?s={search_term_string}\"},\"query-input\":\"required name=search_term_string\"}],\"inLanguage\":\"fr-FR\"},{\"@type\":\"Organization\",\"@id\":\"http:\/\/bepla.fr\/#organization\",\"name\":\"BEPLA\",\"url\":\"http:\/\/bepla.fr\/\",\"logo\":{\"@type\":\"ImageObject\",\"inLanguage\":\"fr-FR\",\"@id\":\"http:\/\/bepla.fr\/#\/schema\/logo\/image\/\",\"url\":\"http:\/\/bepla.fr\/wp-content\/uploads\/2021\/11\/cropped-BEPLA-logo-et-titre-transp.png\",\"contentUrl\":\"http:\/\/bepla.fr\/wp-content\/uploads\/2021\/11\/cropped-BEPLA-logo-et-titre-transp.png\",\"width\":906,\"height\":433,\"caption\":\"BEPLA\"},\"image\":{\"@id\":\"http:\/\/bepla.fr\/#\/schema\/logo\/image\/\"}}]}<\/script>\n<!-- \/ Yoast SEO plugin. -->","yoast_head_json":{"title":"Self-d\u00e9fense - BEPLA","robots":{"index":"index","follow":"follow","max-snippet":"max-snippet:-1","max-image-preview":"max-image-preview:large","max-video-preview":"max-video-preview:-1"},"canonical":"https:\/\/bepla.fr\/index.php\/self-defense\/","og_locale":"fr_FR","og_type":"article","og_title":"Self-d\u00e9fense - BEPLA","og_description":"Pour qui ? Pour les adultes \u00e0 partir de 16 ans. Le contenu ? La Self-D\u00e9fense est bas\u00e9e sur des techniques simples de percussion. On utilise les diff\u00e9rentes parties du corps comme des armes naturelles (doigts, mains ouvertes et ferm\u00e9es, avant-bras, pieds, tibias, coudes, genoux, t\u00eate, \u00e9paules, etc.). L&rsquo;objectif \u00e9tant de bloquer les attaques adversesLire la suite","og_url":"https:\/\/bepla.fr\/index.php\/self-defense\/","og_site_name":"BEPLA","article_modified_time":"2022-02-09T12:34:20+00:00","og_image":[{"url":"http:\/\/bepla.fr\/wp-content\/uploads\/2022\/02\/D8E8393_DxO-1024x684-1-edited.jpg"}],"twitter_card":"summary_large_image","twitter_misc":{"Dur\u00e9e de lecture estim\u00e9e":"2 minutes"},"schema":{"@context":"https:\/\/schema.org","@graph":[{"@type":"WebPage","@id":"https:\/\/bepla.fr\/index.php\/self-defense\/","url":"https:\/\/bepla.fr\/index.php\/self-defense\/","name":"Self-d\u00e9fense - BEPLA","isPartOf":{"@id":"http:\/\/bepla.fr\/#website"},"primaryImageOfPage":{"@id":"https:\/\/bepla.fr\/index.php\/self-defense\/#primaryimage"},"image":{"@id":"https:\/\/bepla.fr\/index.php\/self-defense\/#primaryimage"},"thumbnailUrl":"http:\/\/bepla.fr\/wp-content\/uploads\/2022\/02\/D8E8393_DxO-1024x684-1-edited.jpg","datePublished":"2022-02-09T11:45:34+00:00","dateModified":"2022-02-09T12:34:20+00:00","inLanguage":"fr-FR","potentialAction":[{"@type":"ReadAction","target":["https:\/\/bepla.fr\/index.php\/self-defense\/"]}]},{"@type":"ImageObject","inLanguage":"fr-FR","@id":"https:\/\/bepla.fr\/index.php\/self-defense\/#primaryimage","url":"http:\/\/bepla.fr\/wp-content\/uploads\/2022\/02\/D8E8393_DxO-1024x684-1-edited.jpg","contentUrl":"http:\/\/bepla.fr\/wp-content\/uploads\/2022\/02\/D8E8393_DxO-1024x684-1-edited.jpg","width":515,"height":684},{"@type":"WebSite","@id":"http:\/\/bepla.fr\/#website","url":"http:\/\/bepla.fr\/","name":"BEPLA","description":"Site de pr\u00e9sentation de bepla","publisher":{"@id":"http:\/\/bepla.fr\/#organization"},"potentialAction":[{"@type":"SearchAction","target":{"@type":"EntryPoint","urlTemplate":"http:\/\/bepla.fr\/?s={search_term_string}"},"query-input":"required name=search_term_string"}],"inLanguage":"fr-FR"},{"@type":"Organization","@id":"http:\/\/bepla.fr\/#organization","name":"BEPLA","url":"http:\/\/bepla.fr\/","logo":{"@type":"ImageObject","inLanguage":"fr-FR","@id":"http:\/\/bepla.fr\/#\/schema\/logo\/image\/","url":"http:\/\/bepla.fr\/wp-content\/uploads\/2021\/11\/cropped-BEPLA-logo-et-titre-transp.png","contentUrl":"http:\/\/bepla.fr\/wp-content\/uploads\/2021\/11\/cropped-BEPLA-logo-et-titre-transp.png","width":906,"height":433,"caption":"BEPLA"},"image":{"@id":"http:\/\/bepla.fr\/#\/schema\/logo\/image\/"}}]}},"_links":{"self":[{"href":"http:\/\/bepla.fr\/index.php\/wp-json\/wp\/v2\/pages\/979"}],"collection":[{"href":"http:\/\/bepla.fr\/index.php\/wp-json\/wp\/v2\/pages"}],"about":[{"href":"http:\/\/bepla.fr\/index.php\/wp-json\/wp\/v2\/types\/page"}],"author":[{"embeddable":true,"href":"http:\/\/bepla.fr\/index.php\/wp-json\/wp\/v2\/users\/1"}],"replies":[{"embeddable":true,"href":"http:\/\/bepla.fr\/index.php\/wp-json\/wp\/v2\/comments?post=979"}],"version-history":[{"count":4,"href":"http:\/\/bepla.fr\/index.php\/wp-json\/wp\/v2\/pages\/979\/revisions"}],"predecessor-version":[{"id":995,"href":"http:\/\/bepla.fr\/index.php\/wp-json\/wp\/v2\/pages\/979\/revisions\/995"}],"wp:attachment":[{"href":"http:\/\/bepla.fr\/index.php\/wp-json\/wp\/v2\/media?parent=979"}],"curies":[{"name":"wp","href":"https:\/\/api.w.org\/{rel}","templated":true}]}}