{"id":148,"date":"2020-06-07T13:27:29","date_gmt":"2020-06-07T11:27:29","guid":{"rendered":"http:\/\/bepla.fr\/?page_id=148"},"modified":"2023-08-28T15:20:32","modified_gmt":"2023-08-28T13:20:32","slug":"david-bari","status":"publish","type":"page","link":"https:\/\/bepla.fr\/index.php\/david-bari\/","title":{"rendered":"David Bari"},"content":{"rendered":"\n<div class=\"wp-block-columns is-layout-flex wp-container-core-columns-is-layout-1 wp-block-columns-is-layout-flex\">\n<div class=\"wp-block-column is-vertically-aligned-center is-layout-flow wp-block-column-is-layout-flow\" style=\"flex-basis:33.33%\">\n<figure class=\"wp-block-image size-large image-container\"><img loading=\"lazy\" decoding=\"async\" width=\"769\" height=\"1024\" src=\"http:\/\/bepla.fr\/wp-content\/uploads\/2021\/11\/P1010360-769x1024.jpg\" alt=\"\" class=\"wp-image-973\" srcset=\"https:\/\/bepla.fr\/wp-content\/uploads\/2021\/11\/P1010360-769x1024.jpg 769w, https:\/\/bepla.fr\/wp-content\/uploads\/2021\/11\/P1010360-225x300.jpg 225w, https:\/\/bepla.fr\/wp-content\/uploads\/2021\/11\/P1010360-768x1023.jpg 768w, https:\/\/bepla.fr\/wp-content\/uploads\/2021\/11\/P1010360-1153x1536.jpg 1153w, https:\/\/bepla.fr\/wp-content\/uploads\/2021\/11\/P1010360-1538x2048.jpg 1538w, https:\/\/bepla.fr\/wp-content\/uploads\/2021\/11\/P1010360-87x116.jpg 87w, https:\/\/bepla.fr\/wp-content\/uploads\/2021\/11\/P1010360-scaled.jpg 1922w\" sizes=\"(max-width: 769px) 100vw, 769px\" \/><\/figure>\n<\/div>\n\n\n\n<div class=\"wp-block-column is-vertically-aligned-center is-layout-flow wp-block-column-is-layout-flow\" style=\"flex-basis:66.66%\">\n<p class=\"has-normal-font-size\">Professeur de Self-D\u00e9fense des sections adulte et enfant, David est <strong>1er Dan en Karat\u00e9 et Ta\u00ef-Jitsu<\/strong> qu\u2019il a obtenu \u00e0 l\u2019\u00e2ge de 16 ans.<\/p>\n\n\n\n<p class=\"has-normal-font-size\">Il a \u00e9t\u00e9 double champion de France (en individuel et par \u00e9quipe) en Ta\u00ef-Jitsu en 2001. Il totalise plus de 29 ans de pratique de diff\u00e9rents arts martiaux (Karat\u00e9 Shotokan, Ta\u00ef-Jitsu, Ju-Jitsu, Nihon Ta\u00ef-Jitsu, Karat\u00e9 Jutsu). Cela lui permet aujourd\u2019hui d\u2019enseigner avec une sensibilit\u00e9 pluridisciplinaire.<\/p>\n\n\n\n<p class=\"has-normal-font-size\"><strong>Titulaire d\u2019un Dipl\u00f4me d\u2019Animateur F\u00e9d\u00e9ral<\/strong> <strong>(DAF)<\/strong>.<\/p>\n\n\n\n<p><strong>Ing\u00e9nieur en m\u00e9canique<\/strong> dipl\u00f4m\u00e9 de l&rsquo;<strong>UTBM<\/strong>, David a exerc\u00e9 durant 16 ans dans l&rsquo;industrie comme responsable technique \/ chef de projet. Il ma\u00eetrise les logiciels de CAO (CATIA, SOLIDWORKS, INVENTOR) et est \u00e0 m\u00eame de pouvoir concevoir, mod\u00e9liser et prototyper. Il a pu travailler dans l&rsquo;horlogerie\/joaillerie de luxe, la menuiserie, l&rsquo;\u00e9lectronique.<\/p>\n\n\n\n<p>Ses domaines de comp\u00e9tences sont la microm\u00e9canique, la menuiserie, le b\u00e2timent.<\/p>\n<\/div>\n<\/div>\n\n\n\n<p><\/p>\n","protected":false},"excerpt":{"rendered":"<p>Professeur de Self-D\u00e9fense des sections adulte et enfant, David est 1er Dan en Karat\u00e9 et Ta\u00ef-Jitsu qu\u2019il a obtenu \u00e0 l\u2019\u00e2ge de 16 ans. Il a \u00e9t\u00e9 double champion de France (en individuel et par \u00e9quipe) en Ta\u00ef-Jitsu en 2001. Il totalise plus de 29 ans de pratique de diff\u00e9rents arts martiaux (Karat\u00e9 Shotokan, Ta\u00ef-Jitsu,<\/p>\n<div><a class=\"btn-filled btn\" href=\"https:\/\/bepla.fr\/index.php\/david-bari\/\" title=\"David Bari\">Lire la suite<\/a><\/div>\n","protected":false},"author":1,"featured_media":0,"parent":0,"menu_order":0,"comment_status":"closed","ping_status":"closed","template":"page-templates\/full-width.php","meta":{"_monsterinsights_skip_tracking":false,"_monsterinsights_sitenote_active":false,"_monsterinsights_sitenote_note":"","_monsterinsights_sitenote_category":0,"footnotes":""},"class_list":["post-148","page","type-page","status-publish","hentry"],"yoast_head":"<!-- This site is optimized with the Yoast SEO plugin v23.1 - https:\/\/yoast.com\/wordpress\/plugins\/seo\/ -->\n<title>David Bari - BEPLA<\/title>\n<meta name=\"robots\" content=\"index, follow, max-snippet:-1, max-image-preview:large, max-video-preview:-1\" \/>\n<link rel=\"canonical\" href=\"http:\/\/bepla.fr\/index.php\/david-bari\/\" \/>\n<meta property=\"og:locale\" content=\"fr_FR\" \/>\n<meta property=\"og:type\" content=\"article\" \/>\n<meta property=\"og:title\" content=\"David Bari - BEPLA\" \/>\n<meta property=\"og:description\" content=\"Professeur de Self-D\u00e9fense des sections adulte et enfant, David est 1er Dan en Karat\u00e9 et Ta\u00ef-Jitsu qu\u2019il a obtenu \u00e0 l\u2019\u00e2ge de 16 ans. Il a \u00e9t\u00e9 double champion de France (en individuel et par \u00e9quipe) en Ta\u00ef-Jitsu en 2001. Il totalise plus de 29 ans de pratique de diff\u00e9rents arts martiaux (Karat\u00e9 Shotokan, Ta\u00ef-Jitsu,Lire la suite\" \/>\n<meta property=\"og:url\" content=\"http:\/\/bepla.fr\/index.php\/david-bari\/\" \/>\n<meta property=\"og:site_name\" content=\"BEPLA\" \/>\n<meta property=\"article:modified_time\" content=\"2023-08-28T13:20:32+00:00\" \/>\n<meta property=\"og:image\" content=\"http:\/\/bepla.fr\/wp-content\/uploads\/2021\/11\/P1010360-769x1024.jpg\" \/>\n<meta name=\"twitter:card\" content=\"summary_large_image\" \/>\n<meta name=\"twitter:label1\" content=\"Dur\u00e9e de lecture estim\u00e9e\" \/>\n\t<meta name=\"twitter:data1\" content=\"1 minute\" \/>\n<script type=\"application\/ld+json\" class=\"yoast-schema-graph\">{\"@context\":\"https:\/\/schema.org\",\"@graph\":[{\"@type\":\"WebPage\",\"@id\":\"http:\/\/bepla.fr\/index.php\/david-bari\/\",\"url\":\"http:\/\/bepla.fr\/index.php\/david-bari\/\",\"name\":\"David Bari - BEPLA\",\"isPartOf\":{\"@id\":\"http:\/\/bepla.fr\/#website\"},\"primaryImageOfPage\":{\"@id\":\"http:\/\/bepla.fr\/index.php\/david-bari\/#primaryimage\"},\"image\":{\"@id\":\"http:\/\/bepla.fr\/index.php\/david-bari\/#primaryimage\"},\"thumbnailUrl\":\"http:\/\/bepla.fr\/wp-content\/uploads\/2021\/11\/P1010360-769x1024.jpg\",\"datePublished\":\"2020-06-07T11:27:29+00:00\",\"dateModified\":\"2023-08-28T13:20:32+00:00\",\"inLanguage\":\"fr-FR\",\"potentialAction\":[{\"@type\":\"ReadAction\",\"target\":[\"http:\/\/bepla.fr\/index.php\/david-bari\/\"]}]},{\"@type\":\"ImageObject\",\"inLanguage\":\"fr-FR\",\"@id\":\"http:\/\/bepla.fr\/index.php\/david-bari\/#primaryimage\",\"url\":\"http:\/\/bepla.fr\/wp-content\/uploads\/2021\/11\/P1010360-769x1024.jpg\",\"contentUrl\":\"http:\/\/bepla.fr\/wp-content\/uploads\/2021\/11\/P1010360-769x1024.jpg\"},{\"@type\":\"WebSite\",\"@id\":\"http:\/\/bepla.fr\/#website\",\"url\":\"http:\/\/bepla.fr\/\",\"name\":\"BEPLA\",\"description\":\"Site de pr\u00e9sentation de bepla\",\"publisher\":{\"@id\":\"http:\/\/bepla.fr\/#organization\"},\"potentialAction\":[{\"@type\":\"SearchAction\",\"target\":{\"@type\":\"EntryPoint\",\"urlTemplate\":\"http:\/\/bepla.fr\/?s={search_term_string}\"},\"query-input\":\"required name=search_term_string\"}],\"inLanguage\":\"fr-FR\"},{\"@type\":\"Organization\",\"@id\":\"http:\/\/bepla.fr\/#organization\",\"name\":\"BEPLA\",\"url\":\"http:\/\/bepla.fr\/\",\"logo\":{\"@type\":\"ImageObject\",\"inLanguage\":\"fr-FR\",\"@id\":\"http:\/\/bepla.fr\/#\/schema\/logo\/image\/\",\"url\":\"https:\/\/bepla.fr\/wp-content\/uploads\/2021\/11\/cropped-BEPLA-logo-et-titre-transp.png\",\"contentUrl\":\"https:\/\/bepla.fr\/wp-content\/uploads\/2021\/11\/cropped-BEPLA-logo-et-titre-transp.png\",\"width\":906,\"height\":433,\"caption\":\"BEPLA\"},\"image\":{\"@id\":\"http:\/\/bepla.fr\/#\/schema\/logo\/image\/\"}}]}<\/script>\n<!-- \/ Yoast SEO plugin. -->","yoast_head_json":{"title":"David Bari - BEPLA","robots":{"index":"index","follow":"follow","max-snippet":"max-snippet:-1","max-image-preview":"max-image-preview:large","max-video-preview":"max-video-preview:-1"},"canonical":"http:\/\/bepla.fr\/index.php\/david-bari\/","og_locale":"fr_FR","og_type":"article","og_title":"David Bari - BEPLA","og_description":"Professeur de Self-D\u00e9fense des sections adulte et enfant, David est 1er Dan en Karat\u00e9 et Ta\u00ef-Jitsu qu\u2019il a obtenu \u00e0 l\u2019\u00e2ge de 16 ans. Il a \u00e9t\u00e9 double champion de France (en individuel et par \u00e9quipe) en Ta\u00ef-Jitsu en 2001. Il totalise plus de 29 ans de pratique de diff\u00e9rents arts martiaux (Karat\u00e9 Shotokan, Ta\u00ef-Jitsu,Lire la suite","og_url":"http:\/\/bepla.fr\/index.php\/david-bari\/","og_site_name":"BEPLA","article_modified_time":"2023-08-28T13:20:32+00:00","og_image":[{"url":"http:\/\/bepla.fr\/wp-content\/uploads\/2021\/11\/P1010360-769x1024.jpg"}],"twitter_card":"summary_large_image","twitter_misc":{"Dur\u00e9e de lecture estim\u00e9e":"1 minute"},"schema":{"@context":"https:\/\/schema.org","@graph":[{"@type":"WebPage","@id":"http:\/\/bepla.fr\/index.php\/david-bari\/","url":"http:\/\/bepla.fr\/index.php\/david-bari\/","name":"David Bari - BEPLA","isPartOf":{"@id":"http:\/\/bepla.fr\/#website"},"primaryImageOfPage":{"@id":"http:\/\/bepla.fr\/index.php\/david-bari\/#primaryimage"},"image":{"@id":"http:\/\/bepla.fr\/index.php\/david-bari\/#primaryimage"},"thumbnailUrl":"http:\/\/bepla.fr\/wp-content\/uploads\/2021\/11\/P1010360-769x1024.jpg","datePublished":"2020-06-07T11:27:29+00:00","dateModified":"2023-08-28T13:20:32+00:00","inLanguage":"fr-FR","potentialAction":[{"@type":"ReadAction","target":["http:\/\/bepla.fr\/index.php\/david-bari\/"]}]},{"@type":"ImageObject","inLanguage":"fr-FR","@id":"http:\/\/bepla.fr\/index.php\/david-bari\/#primaryimage","url":"http:\/\/bepla.fr\/wp-content\/uploads\/2021\/11\/P1010360-769x1024.jpg","contentUrl":"http:\/\/bepla.fr\/wp-content\/uploads\/2021\/11\/P1010360-769x1024.jpg"},{"@type":"WebSite","@id":"http:\/\/bepla.fr\/#website","url":"http:\/\/bepla.fr\/","name":"BEPLA","description":"Site de pr\u00e9sentation de bepla","publisher":{"@id":"http:\/\/bepla.fr\/#organization"},"potentialAction":[{"@type":"SearchAction","target":{"@type":"EntryPoint","urlTemplate":"http:\/\/bepla.fr\/?s={search_term_string}"},"query-input":"required name=search_term_string"}],"inLanguage":"fr-FR"},{"@type":"Organization","@id":"http:\/\/bepla.fr\/#organization","name":"BEPLA","url":"http:\/\/bepla.fr\/","logo":{"@type":"ImageObject","inLanguage":"fr-FR","@id":"http:\/\/bepla.fr\/#\/schema\/logo\/image\/","url":"https:\/\/bepla.fr\/wp-content\/uploads\/2021\/11\/cropped-BEPLA-logo-et-titre-transp.png","contentUrl":"https:\/\/bepla.fr\/wp-content\/uploads\/2021\/11\/cropped-BEPLA-logo-et-titre-transp.png","width":906,"height":433,"caption":"BEPLA"},"image":{"@id":"http:\/\/bepla.fr\/#\/schema\/logo\/image\/"}}]}},"_links":{"self":[{"href":"https:\/\/bepla.fr\/index.php\/wp-json\/wp\/v2\/pages\/148"}],"collection":[{"href":"https:\/\/bepla.fr\/index.php\/wp-json\/wp\/v2\/pages"}],"about":[{"href":"https:\/\/bepla.fr\/index.php\/wp-json\/wp\/v2\/types\/page"}],"author":[{"embeddable":true,"href":"https:\/\/bepla.fr\/index.php\/wp-json\/wp\/v2\/users\/1"}],"replies":[{"embeddable":true,"href":"https:\/\/bepla.fr\/index.php\/wp-json\/wp\/v2\/comments?post=148"}],"version-history":[{"count":9,"href":"https:\/\/bepla.fr\/index.php\/wp-json\/wp\/v2\/pages\/148\/revisions"}],"predecessor-version":[{"id":1000,"href":"https:\/\/bepla.fr\/index.php\/wp-json\/wp\/v2\/pages\/148\/revisions\/1000"}],"wp:attachment":[{"href":"https:\/\/bepla.fr\/index.php\/wp-json\/wp\/v2\/media?parent=148"}],"curies":[{"name":"wp","href":"https:\/\/api.w.org\/{rel}","templated":true}]}}