{"id":189,"date":"2020-06-07T16:06:17","date_gmt":"2020-06-07T14:06:17","guid":{"rendered":"http:\/\/bepla.fr\/?page_id=189"},"modified":"2021-11-02T18:04:18","modified_gmt":"2021-11-02T17:04:18","slug":"infos-pratiques","status":"publish","type":"page","link":"https:\/\/bepla.fr\/index.php\/infos-pratiques\/","title":{"rendered":"Infos pratiques"},"content":{"rendered":"\n<h2 class=\"wp-block-heading\">Les horaires de s\u00e9ances<\/h2>\n\n\n\n\n<table id=\"tablepress-1\" class=\"tablepress tablepress-id-1\">\n<thead>\n<tr class=\"row-1 odd\">\n\t<th class=\"column-1\">Jours de la semaine<\/th><th class=\"column-2\">R\u00e9veil corporel<\/th><th class=\"column-3\">Self-d\u00e9fense adulte<\/th><th class=\"column-4\">Self-d\u00e9fense enfants<\/th>\n<\/tr>\n<\/thead>\n<tbody class=\"row-hover\">\n<tr class=\"row-2 even\">\n\t<td class=\"column-1\">Mercredi<\/td><td class=\"column-2\">12:30 - 13:15<\/td><td class=\"column-3\">13:30 - 14:30<\/td><td class=\"column-4\">14:45 - 15:30<\/td>\n<\/tr>\n<\/tbody>\n<\/table>\n<!-- #tablepress-1 from cache -->\n\n\n\n<h2 class=\"wp-block-heading\">Les tarifs<\/h2>\n\n\n\n\n<table id=\"tablepress-2\" class=\"tablepress tablepress-id-2\">\n<thead>\n<tr class=\"row-1 odd\">\n\t<th class=\"column-1\">Disciplines<\/th><th class=\"column-2\">Montant cotisation<\/th><th class=\"column-3\">R\u00e9glement en 1 fois<\/th><th class=\"column-4\">2 fois<\/th>\n<\/tr>\n<\/thead>\n<tbody class=\"row-hover\">\n<tr class=\"row-2 even\">\n\t<td class=\"column-1\">R\u00e9veil corporel<br \/>\nSelf d\u00e9fense adultes<\/td><td class=\"column-2\">200\u20ac<\/td><td class=\"column-3\">200\u20ac<\/td><td class=\"column-4\">100\u20ac (x2)<\/td>\n<\/tr>\n<tr class=\"row-3 odd\">\n\t<td class=\"column-1\">Self d\u00e9fense enfants<\/td><td class=\"column-2\">150\u20ac<\/td><td class=\"column-3\">150\u20ac<\/td><td class=\"column-4\">75\u20ac (x2)<\/td>\n<\/tr>\n<\/tbody>\n<\/table>\n<!-- #tablepress-2 from cache -->\n\n\n\n<p><strong>La cotisation est valable pour l&rsquo;ensemble des activit\u00e9s de l&rsquo;association.<\/strong><\/p>\n\n\n\n<p><strong>Pour plus de renseignements n&rsquo;h\u00e9sitez pas \u00e0 nous contacter, on ne mord pas \ud83d\ude09<\/strong><\/p>\n\n\n\n<p><\/p>\n","protected":false},"excerpt":{"rendered":"<p>Les horaires de s\u00e9ances Les tarifs La cotisation est valable pour l&rsquo;ensemble des activit\u00e9s de l&rsquo;association. Pour plus de renseignements n&rsquo;h\u00e9sitez pas \u00e0 nous contacter, on ne mord pas \ud83d\ude09<\/p>\n","protected":false},"author":1,"featured_media":0,"parent":0,"menu_order":0,"comment_status":"closed","ping_status":"closed","template":"page-templates\/full-width.php","meta":{"_monsterinsights_skip_tracking":false,"_monsterinsights_sitenote_active":false,"_monsterinsights_sitenote_note":"","_monsterinsights_sitenote_category":0,"footnotes":""},"class_list":["post-189","page","type-page","status-publish","hentry"],"yoast_head":"<!-- This site is optimized with the Yoast SEO plugin v23.1 - https:\/\/yoast.com\/wordpress\/plugins\/seo\/ -->\n<title>Infos pratiques - BEPLA<\/title>\n<meta name=\"robots\" content=\"index, follow, max-snippet:-1, max-image-preview:large, max-video-preview:-1\" \/>\n<link rel=\"canonical\" href=\"http:\/\/bepla.fr\/index.php\/infos-pratiques\/\" \/>\n<meta property=\"og:locale\" content=\"fr_FR\" \/>\n<meta property=\"og:type\" content=\"article\" \/>\n<meta property=\"og:title\" content=\"Infos pratiques - BEPLA\" \/>\n<meta property=\"og:description\" content=\"Les horaires de s\u00e9ances Les tarifs La cotisation est valable pour l&rsquo;ensemble des activit\u00e9s de l&rsquo;association. Pour plus de renseignements n&rsquo;h\u00e9sitez pas \u00e0 nous contacter, on ne mord pas \ud83d\ude09\" \/>\n<meta property=\"og:url\" content=\"http:\/\/bepla.fr\/index.php\/infos-pratiques\/\" \/>\n<meta property=\"og:site_name\" content=\"BEPLA\" \/>\n<meta property=\"article:modified_time\" content=\"2021-11-02T17:04:18+00:00\" \/>\n<meta name=\"twitter:card\" content=\"summary_large_image\" \/>\n<meta name=\"twitter:label1\" content=\"Dur\u00e9e de lecture estim\u00e9e\" \/>\n\t<meta name=\"twitter:data1\" content=\"1 minute\" \/>\n<script type=\"application\/ld+json\" class=\"yoast-schema-graph\">{\"@context\":\"https:\/\/schema.org\",\"@graph\":[{\"@type\":\"WebPage\",\"@id\":\"http:\/\/bepla.fr\/index.php\/infos-pratiques\/\",\"url\":\"http:\/\/bepla.fr\/index.php\/infos-pratiques\/\",\"name\":\"Infos pratiques - BEPLA\",\"isPartOf\":{\"@id\":\"http:\/\/bepla.fr\/#website\"},\"datePublished\":\"2020-06-07T14:06:17+00:00\",\"dateModified\":\"2021-11-02T17:04:18+00:00\",\"inLanguage\":\"fr-FR\",\"potentialAction\":[{\"@type\":\"ReadAction\",\"target\":[\"http:\/\/bepla.fr\/index.php\/infos-pratiques\/\"]}]},{\"@type\":\"WebSite\",\"@id\":\"http:\/\/bepla.fr\/#website\",\"url\":\"http:\/\/bepla.fr\/\",\"name\":\"BEPLA\",\"description\":\"Site de pr\u00e9sentation de bepla\",\"publisher\":{\"@id\":\"http:\/\/bepla.fr\/#organization\"},\"potentialAction\":[{\"@type\":\"SearchAction\",\"target\":{\"@type\":\"EntryPoint\",\"urlTemplate\":\"http:\/\/bepla.fr\/?s={search_term_string}\"},\"query-input\":\"required name=search_term_string\"}],\"inLanguage\":\"fr-FR\"},{\"@type\":\"Organization\",\"@id\":\"http:\/\/bepla.fr\/#organization\",\"name\":\"BEPLA\",\"url\":\"http:\/\/bepla.fr\/\",\"logo\":{\"@type\":\"ImageObject\",\"inLanguage\":\"fr-FR\",\"@id\":\"http:\/\/bepla.fr\/#\/schema\/logo\/image\/\",\"url\":\"https:\/\/bepla.fr\/wp-content\/uploads\/2021\/11\/cropped-BEPLA-logo-et-titre-transp.png\",\"contentUrl\":\"https:\/\/bepla.fr\/wp-content\/uploads\/2021\/11\/cropped-BEPLA-logo-et-titre-transp.png\",\"width\":906,\"height\":433,\"caption\":\"BEPLA\"},\"image\":{\"@id\":\"http:\/\/bepla.fr\/#\/schema\/logo\/image\/\"}}]}<\/script>\n<!-- \/ Yoast SEO plugin. -->","yoast_head_json":{"title":"Infos pratiques - BEPLA","robots":{"index":"index","follow":"follow","max-snippet":"max-snippet:-1","max-image-preview":"max-image-preview:large","max-video-preview":"max-video-preview:-1"},"canonical":"http:\/\/bepla.fr\/index.php\/infos-pratiques\/","og_locale":"fr_FR","og_type":"article","og_title":"Infos pratiques - BEPLA","og_description":"Les horaires de s\u00e9ances Les tarifs La cotisation est valable pour l&rsquo;ensemble des activit\u00e9s de l&rsquo;association. Pour plus de renseignements n&rsquo;h\u00e9sitez pas \u00e0 nous contacter, on ne mord pas \ud83d\ude09","og_url":"http:\/\/bepla.fr\/index.php\/infos-pratiques\/","og_site_name":"BEPLA","article_modified_time":"2021-11-02T17:04:18+00:00","twitter_card":"summary_large_image","twitter_misc":{"Dur\u00e9e de lecture estim\u00e9e":"1 minute"},"schema":{"@context":"https:\/\/schema.org","@graph":[{"@type":"WebPage","@id":"http:\/\/bepla.fr\/index.php\/infos-pratiques\/","url":"http:\/\/bepla.fr\/index.php\/infos-pratiques\/","name":"Infos pratiques - BEPLA","isPartOf":{"@id":"http:\/\/bepla.fr\/#website"},"datePublished":"2020-06-07T14:06:17+00:00","dateModified":"2021-11-02T17:04:18+00:00","inLanguage":"fr-FR","potentialAction":[{"@type":"ReadAction","target":["http:\/\/bepla.fr\/index.php\/infos-pratiques\/"]}]},{"@type":"WebSite","@id":"http:\/\/bepla.fr\/#website","url":"http:\/\/bepla.fr\/","name":"BEPLA","description":"Site de pr\u00e9sentation de bepla","publisher":{"@id":"http:\/\/bepla.fr\/#organization"},"potentialAction":[{"@type":"SearchAction","target":{"@type":"EntryPoint","urlTemplate":"http:\/\/bepla.fr\/?s={search_term_string}"},"query-input":"required name=search_term_string"}],"inLanguage":"fr-FR"},{"@type":"Organization","@id":"http:\/\/bepla.fr\/#organization","name":"BEPLA","url":"http:\/\/bepla.fr\/","logo":{"@type":"ImageObject","inLanguage":"fr-FR","@id":"http:\/\/bepla.fr\/#\/schema\/logo\/image\/","url":"https:\/\/bepla.fr\/wp-content\/uploads\/2021\/11\/cropped-BEPLA-logo-et-titre-transp.png","contentUrl":"https:\/\/bepla.fr\/wp-content\/uploads\/2021\/11\/cropped-BEPLA-logo-et-titre-transp.png","width":906,"height":433,"caption":"BEPLA"},"image":{"@id":"http:\/\/bepla.fr\/#\/schema\/logo\/image\/"}}]}},"_links":{"self":[{"href":"https:\/\/bepla.fr\/index.php\/wp-json\/wp\/v2\/pages\/189"}],"collection":[{"href":"https:\/\/bepla.fr\/index.php\/wp-json\/wp\/v2\/pages"}],"about":[{"href":"https:\/\/bepla.fr\/index.php\/wp-json\/wp\/v2\/types\/page"}],"author":[{"embeddable":true,"href":"https:\/\/bepla.fr\/index.php\/wp-json\/wp\/v2\/users\/1"}],"replies":[{"embeddable":true,"href":"https:\/\/bepla.fr\/index.php\/wp-json\/wp\/v2\/comments?post=189"}],"version-history":[{"count":14,"href":"https:\/\/bepla.fr\/index.php\/wp-json\/wp\/v2\/pages\/189\/revisions"}],"predecessor-version":[{"id":931,"href":"https:\/\/bepla.fr\/index.php\/wp-json\/wp\/v2\/pages\/189\/revisions\/931"}],"wp:attachment":[{"href":"https:\/\/bepla.fr\/index.php\/wp-json\/wp\/v2\/media?parent=189"}],"curies":[{"name":"wp","href":"https:\/\/api.w.org\/{rel}","templated":true}]}}