{"id":74,"date":"2020-06-06T17:58:38","date_gmt":"2020-06-06T15:58:38","guid":{"rendered":"http:\/\/bepla.fr\/?page_id=74"},"modified":"2022-02-09T13:33:23","modified_gmt":"2022-02-09T12:33:23","slug":"remise-en-forme","status":"publish","type":"page","link":"https:\/\/bepla.fr\/index.php\/remise-en-forme\/","title":{"rendered":"Remise en forme"},"content":{"rendered":"\n<h2 class=\"wp-block-heading\">Pour qui ?<\/h2>\n\n\n\n<p>Pour les adultes.<\/p>\n\n\n\n<h2 class=\"wp-block-heading\">Pourquoi ?<\/h2>\n\n\n\n<div class=\"wp-block-columns is-layout-flex wp-container-core-columns-is-layout-1 wp-block-columns-is-layout-flex\">\n<div class=\"wp-block-column is-layout-flow wp-block-column-is-layout-flow\" style=\"flex-basis:66.66%\">\n<p>Parce que la sant\u00e9 est ce que nous avons de plus cher !<\/p>\n\n\n\n<p>Que la s\u00e9dentarit\u00e9 d&rsquo;aujourd&rsquo;hui ne nous permet plus d&rsquo;avoir des d\u00e9penses physiques suffisantes. Notre hygi\u00e8ne de vie dans sa globalit\u00e9 doit \u00eatre pens\u00e9e, r\u00e9fl\u00e9chie et ma\u00eetris\u00e9e. Que ce soit par l&rsquo;activit\u00e9 physique, l&rsquo;activit\u00e9 mentale, le sommeil, l&rsquo;alimentation, le soin.<\/p>\n\n\n\n<p>Nous allons ensemble d\u00e9couvrir, apprendre \u00e0 conna\u00eetre notre corps afin d&rsquo;am\u00e9liorer notre bien-\u00eatre global.<\/p>\n<\/div>\n\n\n\n<div class=\"wp-block-column is-layout-flow wp-block-column-is-layout-flow\">\n<figure class=\"wp-block-image size-large\"><img loading=\"lazy\" decoding=\"async\" width=\"1024\" height=\"683\" src=\"http:\/\/bepla.fr\/wp-content\/uploads\/2021\/11\/matin-1-1024x683.jpg\" alt=\"\" class=\"wp-image-942\" srcset=\"https:\/\/bepla.fr\/wp-content\/uploads\/2021\/11\/matin-1-1024x683.jpg 1024w, https:\/\/bepla.fr\/wp-content\/uploads\/2021\/11\/matin-1-300x200.jpg 300w, https:\/\/bepla.fr\/wp-content\/uploads\/2021\/11\/matin-1-768x512.jpg 768w, https:\/\/bepla.fr\/wp-content\/uploads\/2021\/11\/matin-1-1536x1024.jpg 1536w, https:\/\/bepla.fr\/wp-content\/uploads\/2021\/11\/matin-1-174x116.jpg 174w, https:\/\/bepla.fr\/wp-content\/uploads\/2021\/11\/matin-1.jpg 1920w\" sizes=\"(max-width: 1024px) 100vw, 1024px\" \/><\/figure>\n<\/div>\n<\/div>\n\n\n\n<h2 class=\"wp-block-heading\">Comment ?<\/h2>\n\n\n\n<p>Par des s\u00e9ances ax\u00e9es sur le mouvement sans stress pour le corps. Des \u00e9changes sur l&rsquo;hygi\u00e8ne de vie. <\/p>\n","protected":false},"excerpt":{"rendered":"<p>Pour qui ? Pour les adultes. Pourquoi ? Parce que la sant\u00e9 est ce que nous avons de plus cher ! Que la s\u00e9dentarit\u00e9 d&rsquo;aujourd&rsquo;hui ne nous permet plus d&rsquo;avoir des d\u00e9penses physiques suffisantes. Notre hygi\u00e8ne de vie dans sa globalit\u00e9 doit \u00eatre pens\u00e9e, r\u00e9fl\u00e9chie et ma\u00eetris\u00e9e. Que ce soit par l&rsquo;activit\u00e9 physique, l&rsquo;activit\u00e9 mentale,<\/p>\n<div><a class=\"btn-filled btn\" href=\"https:\/\/bepla.fr\/index.php\/remise-en-forme\/\" title=\"Remise en forme\">Lire la suite<\/a><\/div>\n","protected":false},"author":1,"featured_media":0,"parent":0,"menu_order":0,"comment_status":"closed","ping_status":"closed","template":"page-templates\/full-width.php","meta":{"_monsterinsights_skip_tracking":false,"_monsterinsights_sitenote_active":false,"_monsterinsights_sitenote_note":"","_monsterinsights_sitenote_category":0,"footnotes":""},"class_list":["post-74","page","type-page","status-publish","hentry"],"yoast_head":"<!-- This site is optimized with the Yoast SEO plugin v23.1 - https:\/\/yoast.com\/wordpress\/plugins\/seo\/ -->\n<title>Remise en forme - BEPLA<\/title>\n<meta name=\"robots\" content=\"index, follow, max-snippet:-1, max-image-preview:large, max-video-preview:-1\" \/>\n<link rel=\"canonical\" href=\"http:\/\/bepla.fr\/index.php\/remise-en-forme\/\" \/>\n<meta property=\"og:locale\" content=\"fr_FR\" \/>\n<meta property=\"og:type\" content=\"article\" \/>\n<meta property=\"og:title\" content=\"Remise en forme - BEPLA\" \/>\n<meta property=\"og:description\" content=\"Pour qui ? Pour les adultes. Pourquoi ? Parce que la sant\u00e9 est ce que nous avons de plus cher ! Que la s\u00e9dentarit\u00e9 d&rsquo;aujourd&rsquo;hui ne nous permet plus d&rsquo;avoir des d\u00e9penses physiques suffisantes. Notre hygi\u00e8ne de vie dans sa globalit\u00e9 doit \u00eatre pens\u00e9e, r\u00e9fl\u00e9chie et ma\u00eetris\u00e9e. Que ce soit par l&rsquo;activit\u00e9 physique, l&rsquo;activit\u00e9 mentale,Lire la suite\" \/>\n<meta property=\"og:url\" content=\"http:\/\/bepla.fr\/index.php\/remise-en-forme\/\" \/>\n<meta property=\"og:site_name\" content=\"BEPLA\" \/>\n<meta property=\"article:modified_time\" content=\"2022-02-09T12:33:23+00:00\" \/>\n<meta property=\"og:image\" content=\"http:\/\/bepla.fr\/wp-content\/uploads\/2021\/11\/matin-1-1024x683.jpg\" \/>\n<meta name=\"twitter:card\" content=\"summary_large_image\" \/>\n<meta name=\"twitter:label1\" content=\"Dur\u00e9e de lecture estim\u00e9e\" \/>\n\t<meta name=\"twitter:data1\" content=\"1 minute\" \/>\n<script type=\"application\/ld+json\" class=\"yoast-schema-graph\">{\"@context\":\"https:\/\/schema.org\",\"@graph\":[{\"@type\":\"WebPage\",\"@id\":\"http:\/\/bepla.fr\/index.php\/remise-en-forme\/\",\"url\":\"http:\/\/bepla.fr\/index.php\/remise-en-forme\/\",\"name\":\"Remise en forme - BEPLA\",\"isPartOf\":{\"@id\":\"http:\/\/bepla.fr\/#website\"},\"primaryImageOfPage\":{\"@id\":\"http:\/\/bepla.fr\/index.php\/remise-en-forme\/#primaryimage\"},\"image\":{\"@id\":\"http:\/\/bepla.fr\/index.php\/remise-en-forme\/#primaryimage\"},\"thumbnailUrl\":\"http:\/\/bepla.fr\/wp-content\/uploads\/2021\/11\/matin-1-1024x683.jpg\",\"datePublished\":\"2020-06-06T15:58:38+00:00\",\"dateModified\":\"2022-02-09T12:33:23+00:00\",\"inLanguage\":\"fr-FR\",\"potentialAction\":[{\"@type\":\"ReadAction\",\"target\":[\"http:\/\/bepla.fr\/index.php\/remise-en-forme\/\"]}]},{\"@type\":\"ImageObject\",\"inLanguage\":\"fr-FR\",\"@id\":\"http:\/\/bepla.fr\/index.php\/remise-en-forme\/#primaryimage\",\"url\":\"https:\/\/bepla.fr\/wp-content\/uploads\/2021\/11\/matin-1.jpg\",\"contentUrl\":\"https:\/\/bepla.fr\/wp-content\/uploads\/2021\/11\/matin-1.jpg\",\"width\":1920,\"height\":1280},{\"@type\":\"WebSite\",\"@id\":\"http:\/\/bepla.fr\/#website\",\"url\":\"http:\/\/bepla.fr\/\",\"name\":\"BEPLA\",\"description\":\"Site de pr\u00e9sentation de bepla\",\"publisher\":{\"@id\":\"http:\/\/bepla.fr\/#organization\"},\"potentialAction\":[{\"@type\":\"SearchAction\",\"target\":{\"@type\":\"EntryPoint\",\"urlTemplate\":\"http:\/\/bepla.fr\/?s={search_term_string}\"},\"query-input\":\"required name=search_term_string\"}],\"inLanguage\":\"fr-FR\"},{\"@type\":\"Organization\",\"@id\":\"http:\/\/bepla.fr\/#organization\",\"name\":\"BEPLA\",\"url\":\"http:\/\/bepla.fr\/\",\"logo\":{\"@type\":\"ImageObject\",\"inLanguage\":\"fr-FR\",\"@id\":\"http:\/\/bepla.fr\/#\/schema\/logo\/image\/\",\"url\":\"https:\/\/bepla.fr\/wp-content\/uploads\/2021\/11\/cropped-BEPLA-logo-et-titre-transp.png\",\"contentUrl\":\"https:\/\/bepla.fr\/wp-content\/uploads\/2021\/11\/cropped-BEPLA-logo-et-titre-transp.png\",\"width\":906,\"height\":433,\"caption\":\"BEPLA\"},\"image\":{\"@id\":\"http:\/\/bepla.fr\/#\/schema\/logo\/image\/\"}}]}<\/script>\n<!-- \/ Yoast SEO plugin. -->","yoast_head_json":{"title":"Remise en forme - BEPLA","robots":{"index":"index","follow":"follow","max-snippet":"max-snippet:-1","max-image-preview":"max-image-preview:large","max-video-preview":"max-video-preview:-1"},"canonical":"http:\/\/bepla.fr\/index.php\/remise-en-forme\/","og_locale":"fr_FR","og_type":"article","og_title":"Remise en forme - BEPLA","og_description":"Pour qui ? Pour les adultes. Pourquoi ? Parce que la sant\u00e9 est ce que nous avons de plus cher ! Que la s\u00e9dentarit\u00e9 d&rsquo;aujourd&rsquo;hui ne nous permet plus d&rsquo;avoir des d\u00e9penses physiques suffisantes. Notre hygi\u00e8ne de vie dans sa globalit\u00e9 doit \u00eatre pens\u00e9e, r\u00e9fl\u00e9chie et ma\u00eetris\u00e9e. Que ce soit par l&rsquo;activit\u00e9 physique, l&rsquo;activit\u00e9 mentale,Lire la suite","og_url":"http:\/\/bepla.fr\/index.php\/remise-en-forme\/","og_site_name":"BEPLA","article_modified_time":"2022-02-09T12:33:23+00:00","og_image":[{"url":"http:\/\/bepla.fr\/wp-content\/uploads\/2021\/11\/matin-1-1024x683.jpg"}],"twitter_card":"summary_large_image","twitter_misc":{"Dur\u00e9e de lecture estim\u00e9e":"1 minute"},"schema":{"@context":"https:\/\/schema.org","@graph":[{"@type":"WebPage","@id":"http:\/\/bepla.fr\/index.php\/remise-en-forme\/","url":"http:\/\/bepla.fr\/index.php\/remise-en-forme\/","name":"Remise en forme - BEPLA","isPartOf":{"@id":"http:\/\/bepla.fr\/#website"},"primaryImageOfPage":{"@id":"http:\/\/bepla.fr\/index.php\/remise-en-forme\/#primaryimage"},"image":{"@id":"http:\/\/bepla.fr\/index.php\/remise-en-forme\/#primaryimage"},"thumbnailUrl":"http:\/\/bepla.fr\/wp-content\/uploads\/2021\/11\/matin-1-1024x683.jpg","datePublished":"2020-06-06T15:58:38+00:00","dateModified":"2022-02-09T12:33:23+00:00","inLanguage":"fr-FR","potentialAction":[{"@type":"ReadAction","target":["http:\/\/bepla.fr\/index.php\/remise-en-forme\/"]}]},{"@type":"ImageObject","inLanguage":"fr-FR","@id":"http:\/\/bepla.fr\/index.php\/remise-en-forme\/#primaryimage","url":"https:\/\/bepla.fr\/wp-content\/uploads\/2021\/11\/matin-1.jpg","contentUrl":"https:\/\/bepla.fr\/wp-content\/uploads\/2021\/11\/matin-1.jpg","width":1920,"height":1280},{"@type":"WebSite","@id":"http:\/\/bepla.fr\/#website","url":"http:\/\/bepla.fr\/","name":"BEPLA","description":"Site de pr\u00e9sentation de bepla","publisher":{"@id":"http:\/\/bepla.fr\/#organization"},"potentialAction":[{"@type":"SearchAction","target":{"@type":"EntryPoint","urlTemplate":"http:\/\/bepla.fr\/?s={search_term_string}"},"query-input":"required name=search_term_string"}],"inLanguage":"fr-FR"},{"@type":"Organization","@id":"http:\/\/bepla.fr\/#organization","name":"BEPLA","url":"http:\/\/bepla.fr\/","logo":{"@type":"ImageObject","inLanguage":"fr-FR","@id":"http:\/\/bepla.fr\/#\/schema\/logo\/image\/","url":"https:\/\/bepla.fr\/wp-content\/uploads\/2021\/11\/cropped-BEPLA-logo-et-titre-transp.png","contentUrl":"https:\/\/bepla.fr\/wp-content\/uploads\/2021\/11\/cropped-BEPLA-logo-et-titre-transp.png","width":906,"height":433,"caption":"BEPLA"},"image":{"@id":"http:\/\/bepla.fr\/#\/schema\/logo\/image\/"}}]}},"_links":{"self":[{"href":"https:\/\/bepla.fr\/index.php\/wp-json\/wp\/v2\/pages\/74"}],"collection":[{"href":"https:\/\/bepla.fr\/index.php\/wp-json\/wp\/v2\/pages"}],"about":[{"href":"https:\/\/bepla.fr\/index.php\/wp-json\/wp\/v2\/types\/page"}],"author":[{"embeddable":true,"href":"https:\/\/bepla.fr\/index.php\/wp-json\/wp\/v2\/users\/1"}],"replies":[{"embeddable":true,"href":"https:\/\/bepla.fr\/index.php\/wp-json\/wp\/v2\/comments?post=74"}],"version-history":[{"count":23,"href":"https:\/\/bepla.fr\/index.php\/wp-json\/wp\/v2\/pages\/74\/revisions"}],"predecessor-version":[{"id":943,"href":"https:\/\/bepla.fr\/index.php\/wp-json\/wp\/v2\/pages\/74\/revisions\/943"}],"wp:attachment":[{"href":"https:\/\/bepla.fr\/index.php\/wp-json\/wp\/v2\/media?parent=74"}],"curies":[{"name":"wp","href":"https:\/\/api.w.org\/{rel}","templated":true}]}}